{"id":131,"date":"2019-06-04T02:14:13","date_gmt":"2019-06-04T02:14:13","guid":{"rendered":"http:\/\/lefinast.krama.se\/saving-plans\/"},"modified":"2025-02-08T17:37:40","modified_gmt":"2025-02-08T16:37:40","slug":"saving-plans","status":"publish","type":"page","link":"https:\/\/lefinast.se\/ru\/saving-plans\/","title":{"rendered":"Saving Plans"},"content":{"rendered":"<div class=\"wpb-content-wrapper\"><p>[vc_row full_width=&#8221;stretch_row&#8221; background_color=&#8221;custom&#8221; custom_background_color=&#8221;#f7f7f7&#8243;][vc_column][tm_spacer size=&#8221;lg:100&#8243;][tm_heading custom_google_font=&#8221;&#8221; align=&#8221;center&#8221; text=&#8221;V\u00e5ra priser p\u00e5 tandv\u00e5rden.&#8221; font_size=&#8221;sm:36;lg:42&#8243;][tm_spacer size=&#8221;lg:20&#8243;][tm_heading tag=&#8221;div&#8221; custom_google_font=&#8221;&#8221; align=&#8221;center&#8221; text=&#8221;Ett bes\u00f6k b\u00f6rjar vanligtvis med en unders\u00f6kning. H\u00e4r f\u00f6rklarar vi de olika typerna av unders\u00f6kningar samt deras kostnader. Nedan p\u00e5 sidan hittar du v\u00e5r kompletta prislista med specifika kostnader f\u00f6r olika \u00e5tg\u00e4rder.&#8221; font_size=&#8221;lg:17&#8243; max_width=&#8221;915px&#8221;][tm_spacer size=&#8221;lg:60&#8243;][vc_row_inner][vc_column_inner offset=&#8221;vc_col-lg-4&#8243;][tm_saving_item image=&#8221;703&#8243; heading=&#8221;Individual&#8221; price=&#8221;29&#8243; currency=&#8221;$&#8221;][tm_spacer size=&#8221;lg:40&#8243;][\/vc_column_inner][vc_column_inner offset=&#8221;vc_col-lg-4&#8243;][tm_saving_item image=&#8221;704&#8243; heading=&#8221;Couple&#8221; price=&#8221;55&#8243; sub_text=&#8221;each additional member only $20&#8243; currency=&#8221;$&#8221;][tm_spacer size=&#8221;lg:40&#8243;][\/vc_column_inner][vc_column_inner offset=&#8221;vc_col-lg-4&#8243;][tm_saving_item el_class=&#8221;aaa&#8221; image=&#8221;703&#8243; heading=&#8221;Family&#8221; price=&#8221;79&#8243; sub_text=&#8221;each additional member only $20&#8243; currency=&#8221;$&#8221;][tm_spacer size=&#8221;lg:40&#8243;][\/vc_column_inner][\/vc_row_inner][tm_pricing_table heading=&#8221;Procedure&#8221; features_labels=&#8221;Exam and X-Rays<br \/>\nBasic Cleaning<br \/>\nFilling<br \/>\nExtraction<br \/>\nCrown&#8221; items=&#8221;%5B%7B%22featured%22%3A%221%22%2C%22title%22%3A%22Saving%20Plan%22%2C%22features%22%3A%22%240%5Cn%2455%5Cn%2480%5Cn%24123%5Cn%24595%22%7D%2C%7B%22title%22%3A%22No%20Saving%20Plan%22%2C%22features%22%3A%22%24225%5Cn%2495%5Cn%24155%5Cn%24200%5Cn%241%2C124%22%7D%5D&#8221;][tm_spacer size=&#8221;lg:100&#8243;][\/vc_column][\/vc_row][vc_row full_width=&#8221;stretch_row&#8221; lg_spacing=&#8221;padding_top:100;padding_bottom:40&#8243;][vc_column offset=&#8221;vc_col-lg-4&#8243;][tm_heading custom_google_font=&#8221;&#8221; text=&#8221;Membership Advantages&#8221; font_size=&#8221;sm:36;lg:42&#8243;][tm_spacer size=&#8221;lg:30&#8243;][tm_button style=&#8221;modern&#8221; button=&#8221;url:https%3A%2F%2Fsmilepure.thememove.com%2Fbook-appointment-1%2F|title:Join%20us%20now|target:%20_blank|&#8221;][tm_spacer size=&#8221;lg:60&#8243;][\/vc_column][vc_column offset=&#8221;vc_col-lg-8&#8243;][tm_list list_style=&#8221;check-02&#8243; title_color=&#8221;secondary&#8221; columns=&#8221;xs:1;lg:1&#8243; items=&#8221;%5B%7B%22item_title%22%3A%22Up%20to%2060%25%20off%20Services%22%2C%22icon_type%22%3A%22fontawesome5%22%7D%2C%7B%22item_title%22%3A%22Lowest%20Price%20Guaranteed%22%2C%22icon_type%22%3A%22fontawesome5%22%7D%2C%7B%22item_title%22%3A%22FREE%20Exam%2C%20X-Rays%20%26%20Consultations%20every%206%20months%22%2C%22icon_type%22%3A%22fontawesome5%22%7D%2C%7B%22item_title%22%3A%22FREE%206-Month%20Cleaning%22%2C%22icon_type%22%3A%22fontawesome5%22%7D%2C%7B%22item_title%22%3A%22FREE%20Orthodontic%20Consultation%2C%20plus%20%24400%20OFF%20Full%20Braces%22%2C%22icon_type%22%3A%22fontawesome5%22%7D%2C%7B%22item_title%22%3A%22Unlimited%20Emergency%20Exams%22%2C%22icon_type%22%3A%22fontawesome5%22%7D%5D&#8221;][tm_spacer size=&#8221;lg:60&#8243;][\/vc_column][\/vc_row][vc_row full_width=&#8221;stretch_row&#8221; background_color=&#8221;primary&#8221; lg_spacing=&#8221;padding_top:23;padding_bottom:27&#8243;][vc_column][tm_heading custom_google_font=&#8221;&#8221; align=&#8221;center&#8221; text_color=&#8221;custom&#8221; custom_text_color=&#8221;#ffffff&#8221; icon_type=&#8221;fontawesome5&#8243; icon_fontawesome5=&#8221;fal fa-map-marker-alt&#8221; text=&#8221;Let\u2019s find an office near you&#8221; font_size=&#8221;lg:26&#8243; icon_font_size=&#8221;lg:36&#8243; link=&#8221;https:\/\/www.google.com\/maps\/place\/B%E1%BB%87nh+Vi%E1%BB%87n+R%C4%83ng+H%C3%A0m+M%E1%BA%B7t+Trung+%C6%AF%C6%A1ng+H%C3%A0+N%E1%BB%99i\/@21.02766,105.8441416,17z\/data=!3m1!4b1!4m5!3m4!1s0x3135ab2ae38fa2a7:0xbe4302bf30bc35bb!8m2!3d21.02766!4d105.8463303&#8243;][\/vc_column][\/vc_row]<\/p>\n<\/div>","protected":false},"excerpt":{"rendered":"<p>[vc_row full_width=&#8221;stretch_row&#8221; background_color=&#8221;custom&#8221; custom_background_color=&#8221;#f7f7f7&#8243;][vc_column][tm_spacer size=&#8221;lg:100&#8243;][tm_heading custom_google_font=&#8221;&#8221; align=&#8221;center&#8221; text=&#8221;V\u00e5ra priser p\u00e5 tandv\u00e5rden.&#8221; font_size=&#8221;sm:36;lg:42&#8243;][tm_spacer size=&#8221;lg:20&#8243;][tm_heading tag=&#8221;div&#8221; custom_google_font=&#8221;&#8221; align=&#8221;center&#8221; text=&#8221;Ett bes\u00f6k b\u00f6rjar vanligtvis med en unders\u00f6kning. H\u00e4r f\u00f6rklarar vi de olika typerna av unders\u00f6kningar samt deras kostnader. Nedan p\u00e5 sidan hittar du v\u00e5r kompletta prislista med specifika kostnader f\u00f6r olika \u00e5tg\u00e4rder.&#8221; font_size=&#8221;lg:17&#8243; max_width=&#8221;915px&#8221;][tm_spacer size=&#8221;lg:60&#8243;][vc_row_inner][vc_column_inner offset=&#8221;vc_col-lg-4&#8243;][tm_saving_item image=&#8221;703&#8243; heading=&#8221;Individual&#8221; price=&#8221;29&#8243; currency=&#8221;$&#8221;][tm_spacer size=&#8221;lg:40&#8243;][\/vc_column_inner][vc_column_inner offset=&#8221;vc_col-lg-4&#8243;][tm_saving_item image=&#8221;704&#8243; heading=&#8221;Couple&#8221; price=&#8221;55&#8243; sub_text=&#8221;each additional member only $20&#8243; currency=&#8221;$&#8221;][tm_spacer size=&#8221;lg:40&#8243;][\/vc_column_inner][vc_column_inner offset=&#8221;vc_col-lg-4&#8243;][tm_saving_item el_class=&#8221;aaa&#8221; image=&#8221;703&#8243; heading=&#8221;Family&#8221; price=&#8221;79&#8243; sub_text=&#8221;each additional member only $20&#8243; currency=&#8221;$&#8221;][tm_spacer size=&#8221;lg:40&#8243;][\/vc_column_inner][\/vc_row_inner][tm_pricing_table heading=&#8221;Procedure&#8221; features_labels=&#8221;Exam and X-Rays Basic Cleaning Filling Extraction Crown&#8221; items=&#8221;%5B%7B%22featured%22%3A%221%22%2C%22title%22%3A%22Saving%20Plan%22%2C%22features%22%3A%22%240%5Cn%2455%5Cn%2480%5Cn%24123%5Cn%24595%22%7D%2C%7B%22title%22%3A%22No%20Saving%20Plan%22%2C%22features%22%3A%22%24225%5Cn%2495%5Cn%24155%5Cn%24200%5Cn%241%2C124%22%7D%5D&#8221;][tm_spacer size=&#8221;lg:100&#8243;][\/vc_column][\/vc_row][vc_row full_width=&#8221;stretch_row&#8221; lg_spacing=&#8221;padding_top:100;padding_bottom:40&#8243;][vc_column offset=&#8221;vc_col-lg-4&#8243;][tm_heading custom_google_font=&#8221;&#8221; text=&#8221;Membership Advantages&#8221; font_size=&#8221;sm:36;lg:42&#8243;][tm_spacer size=&#8221;lg:30&#8243;][tm_button style=&#8221;modern&#8221; button=&#8221;url:https%3A%2F%2Fsmilepure.thememove.com%2Fbook-appointment-1%2F|title:Join%20us%20now|target:%20_blank|&#8221;][tm_spacer size=&#8221;lg:60&#8243;][\/vc_column][vc_column offset=&#8221;vc_col-lg-8&#8243;][tm_list list_style=&#8221;check-02&#8243; title_color=&#8221;secondary&#8221; columns=&#8221;xs:1;lg:1&#8243; items=&#8221;%5B%7B%22item_title%22%3A%22Up%20to%2060%25%20off%20Services%22%2C%22icon_type%22%3A%22fontawesome5%22%7D%2C%7B%22item_title%22%3A%22Lowest%20Price%20Guaranteed%22%2C%22icon_type%22%3A%22fontawesome5%22%7D%2C%7B%22item_title%22%3A%22FREE%20Exam%2C%20X-Rays%20%26%20Consultations%20every%206%20months%22%2C%22icon_type%22%3A%22fontawesome5%22%7D%2C%7B%22item_title%22%3A%22FREE%206-Month%20Cleaning%22%2C%22icon_type%22%3A%22fontawesome5%22%7D%2C%7B%22item_title%22%3A%22FREE%20Orthodontic%20Consultation%2C%20plus%20%24400%20OFF%20Full%20Braces%22%2C%22icon_type%22%3A%22fontawesome5%22%7D%2C%7B%22item_title%22%3A%22Unlimited%20Emergency%20Exams%22%2C%22icon_type%22%3A%22fontawesome5%22%7D%5D&#8221;][tm_spacer size=&#8221;lg:60&#8243;][\/vc_column][\/vc_row][vc_row full_width=&#8221;stretch_row&#8221; background_color=&#8221;primary&#8221; lg_spacing=&#8221;padding_top:23;padding_bottom:27&#8243;][vc_column][tm_heading custom_google_font=&#8221;&#8221; align=&#8221;center&#8221; text_color=&#8221;custom&#8221; custom_text_color=&#8221;#ffffff&#8221; icon_type=&#8221;fontawesome5&#8243; icon_fontawesome5=&#8221;fal fa-map-marker-alt&#8221; text=&#8221;Let\u2019s find an office near you&#8221; font_size=&#8221;lg:26&#8243; icon_font_size=&#8221;lg:36&#8243; link=&#8221;https:\/\/www.google.com\/maps\/place\/B%E1%BB%87nh+Vi%E1%BB%87n+R%C4%83ng+H%C3%A0m+M%E1%BA%B7t+Trung+%C6%AF%C6%A1ng+H%C3%A0+N%E1%BB%99i\/@21.02766,105.8441416,17z\/data=!3m1!4b1!4m5!3m4!1s0x3135ab2ae38fa2a7:0xbe4302bf30bc35bb!8m2!3d21.02766!4d105.8463303&#8243;][\/vc_column][\/vc_row]<\/p>\n","protected":false},"author":1,"featured_media":0,"parent":0,"menu_order":35,"comment_status":"closed","ping_status":"closed","template":"","meta":{"footnotes":""},"class_list":["post-131","page","type-page","status-publish","hentry"],"_links":{"self":[{"href":"https:\/\/lefinast.se\/ru\/wp-json\/wp\/v2\/pages\/131","targetHints":{"allow":["GET"]}}],"collection":[{"href":"https:\/\/lefinast.se\/ru\/wp-json\/wp\/v2\/pages"}],"about":[{"href":"https:\/\/lefinast.se\/ru\/wp-json\/wp\/v2\/types\/page"}],"author":[{"embeddable":true,"href":"https:\/\/lefinast.se\/ru\/wp-json\/wp\/v2\/users\/1"}],"replies":[{"embeddable":true,"href":"https:\/\/lefinast.se\/ru\/wp-json\/wp\/v2\/comments?post=131"}],"version-history":[{"count":2,"href":"https:\/\/lefinast.se\/ru\/wp-json\/wp\/v2\/pages\/131\/revisions"}],"predecessor-version":[{"id":2844,"href":"https:\/\/lefinast.se\/ru\/wp-json\/wp\/v2\/pages\/131\/revisions\/2844"}],"wp:attachment":[{"href":"https:\/\/lefinast.se\/ru\/wp-json\/wp\/v2\/media?parent=131"}],"curies":[{"name":"wp","href":"https:\/\/api.w.org\/{rel}","templated":true}]}}